{"id":1066,"date":"2024-08-07T09:21:39","date_gmt":"2024-08-07T07:21:39","guid":{"rendered":"https:\/\/armaweb.eu\/pl\/?page_id=1066"},"modified":"2024-08-07T09:53:47","modified_gmt":"2024-08-07T07:53:47","slug":"termini-e-condizioni","status":"publish","type":"page","link":"https:\/\/armaweb.eu\/pl\/termini-e-condizioni\/","title":{"rendered":"Termini e condizioni"},"content":{"rendered":"<section class=\"bde-section-1066-103 bde-section\">\n  \n  \n\t\n\n\n\n<div class=\"section-container\"><h1 class=\"bde-heading-1066-104 bde-heading\">\nTermini e condizioni\n<\/h1><\/div>\n<\/section><section class=\"bde-section-1066-100 bde-section\">\n  \n  \n\t\n\n\n\n<div class=\"section-container\"><div class=\"bde-div-1066-101 bde-div\">\n  \n  \n\t\n\n\n\n<div class=\"bde-rich-text-1066-102 bde-rich-text breakdance-rich-text-styles\">\n<p>Benvenuti su ARMAWEB!<\/p>\n<p>Questi termini e condizioni delineano le regole e le norme per l'utilizzo del sito web di ARMAWEB, situato all'indirizzo https:\/\/armaweb.eu.<\/p>\n<p>Accedendo a questo sito web si presume che l'utente accetti questi termini e condizioni. Non continuare a utilizzare ARMAWEB se non si accettano tutti i termini e le condizioni indicati in questa pagina.<\/p>\n<p>La seguente terminologia si applica a questi Termini e Condizioni, alla Dichiarazione sulla Privacy e all'Avviso di Esclusione di Responsabilit\u00e0 e a tutti gli Accordi: \"Cliente\", \"Tu\" e \"Tuo\" si riferiscono a te, la persona che accede a questo sito web e che \u00e8 conforme ai termini e alle condizioni della Societ\u00e0.<\/p>\n<p>\"La Societ\u00e0\", \"Noi\", \"Noi\", \"Nostro\" e \"Noi\", si riferisce alla nostra Societ\u00e0. \"Parte\", \"Parti\" o \"Noi\" si riferiscono sia al Cliente che a noi.<\/p>\n<p>Tutti i termini si riferiscono all'offerta, all'accettazione e al corrispettivo di un pagamento necessario per intraprendere il processo di assistenza al Cliente nel modo pi\u00f9 appropriato per l'esplicito scopo di soddisfare le esigenze del Cliente in relazione alla fornitura dei servizi dichiarati dalla Societ\u00e0, in conformit\u00e0 e nel rispetto della legge vigente.<\/p>\n<p>Qualsiasi uso della terminologia di cui sopra o di altre parole al singolare, al plurale, con la maiuscola e\/o lui\/lei o loro, sono considerati intercambiabili e quindi riferiti allo stesso.<\/p>\n<h3>Cookie<\/h3>\n<p>Utilizziamo i cookie. Accedendo ad ARMAWEB, l'utente accetta di utilizzare i cookie in accordo con la Politica sulla privacy di ARMAWEB.<\/p>\n<p>La maggior parte dei siti web interattivi utilizza i cookie per recuperare i dati dell'utente ad ogni visita.<\/p>\n<p>I cookie sono utilizzati dal nostro sito web per consentire la funzionalit\u00e0 di alcune aree e facilitare la visita al nostro sito web. Anche alcuni dei nostri partner affiliati\/pubblicitari possono utilizzare i cookie.<\/p>\n<h3>Licenza<\/h3>\n<p>Se non diversamente specificato, ARMAWEB e\/o i suoi licenziatari detengono i diritti di propriet\u00e0 intellettuale per tutto il materiale presente su ARMAWEB. Tutti i diritti di propriet\u00e0 intellettuale sono riservati. L'utente pu\u00f2 accedere a questo materiale da ARMAWEB per uso personale, nel rispetto delle restrizioni stabilite in questi termini e condizioni.<\/p>\n<h3>Non \u00e8 consentito<\/h3>\n<ul>\n<li>Ripubblicare materiale da ARMAWEB<\/li>\n<li>Vendere, affittare o concedere in sublicenza il materiale di ARMAWEB<\/li>\n<li>Riprodurre, duplicare o copiare il materiale di ARMAWEB<\/li>\n<li>Ridistribuire il contenuto di ARMAWEB.<\/li>\n<\/ul>\n<p>Il presente accordo decorre dalla data del presente documento.<\/p>\n<p>Alcune parti di questo sito web offrono agli utenti la possibilit\u00e0 di pubblicare e scambiare opinioni e informazioni in determinate aree del sito. ARMAWEB non filtra, modifica, pubblica o rivede i Commenti prima della loro presenza sul sito.<\/p>\n<p><strong>I commenti non riflettono i punti di vista e le opinioni di ARMAWEB, dei suoi agenti e\/o affiliati.\u00a0<\/strong><\/p>\n<p>Commenti riflettono i punti di vista e le opinioni della persona che li ha pubblicati. <br \/>Nella misura consentita dalle leggi vigenti, ARMAWEB non sar\u00e0 responsabile per i Commenti o per qualsiasi responsabilit\u00e0, danno o spesa causati e\/o subiti a seguito di qualsiasi uso e\/o pubblicazione e\/o apparizione dei Commenti su questo sito web.<\/p>\n<p>ARMAWEB si riserva il diritto di monitorare tutti i Commenti e di rimuovere qualsiasi Commento che possa essere considerato inappropriato, offensivo o che causi una violazione dei presenti Termini e Condizioni.<\/p>\n<p><strong>L'utente garantisce e dichiara che:<\/strong><\/p>\n<ul>\n<li>Siete autorizzati a pubblicare i Commenti sul nostro sito web e disponete di tutte le licenze e i consensi necessari per farlo;<\/li>\n<li>i Commenti non violano alcun diritto di propriet\u00e0 intellettuale, inclusi, a titolo esemplificativo e non esaustivo, diritti d'autore, brevetti o marchi di terzi;<\/li>\n<li>I Commenti non contengono materiale diffamatorio, calunnioso, offensivo, indecente o altrimenti illegale che costituisca una violazione della privacy.<\/li>\n<\/ul>\n<p><strong>I Commenti non saranno utilizzati per sollecitare o promuovere affari o costumi o presentare attivit\u00e0 commerciali o attivit\u00e0 illegali.<\/strong><\/p>\n<p>L'utente concede ad ARMAWEB una licenza non esclusiva per utilizzare, riprodurre, modificare e autorizzare altri a utilizzare, riprodurre e modificare i propri Commenti in qualsiasi forma, formato o media.<\/p>\n<h3>Collegamento ipertestuale ai nostri Contenuti<\/h3>\n<p>Le seguenti organizzazioni possono collegarsi al nostro sito web senza previa approvazione scritta:<\/p>\n<ul>\n<li>Agenzie governative;<\/li>\n<li>Motori di ricerca;<\/li>\n<li>Organizzazioni giornalistiche;<\/li>\n<li>I distributori di elenchi online possono collegarsi al nostro sito web nello stesso modo in cui si collegano ai siti web di altre aziende elencate;<\/li>\n<li>Le aziende accreditate a livello di sistema, ad eccezione delle organizzazioni no-profit di sollecitazione, dei centri commerciali di beneficenza e dei gruppi di raccolta fondi di beneficenza, che non possono collegarsi al nostro sito Web.<\/li>\n<\/ul>\n<p>Queste organizzazioni possono inserire un link alla nostra home page, a pubblicazioni o ad altre informazioni del sito web, a condizione che il link: (a) non sia in alcun modo ingannevole; (b) non implichi falsamente la sponsorizzazione, l'avallo o l'approvazione del linkante e dei suoi prodotti e\/o servizi; e (c) si inserisca nel contesto del sito del linkante.<\/p>\n<p><strong>Possiamo prendere in considerazione e approvare altre richieste di link da parte dei seguenti tipi di organizzazioni:<\/strong><\/p>\n<ul>\n<li>fonti di informazioni commerciali e\/o di consumo comunemente conosciute;<\/li>\n<li>siti di comunit\u00e0:<\/li>\n<li>associazioni o altri gruppi che rappresentano enti di beneficenza;<\/li>\n<li>distributori di elenchi online;<\/li>\n<li>portali internet;<br \/>studi di contabilit\u00e0, legali e di consulenza;<\/li>\n<li>istituzioni educative e associazioni di categoria.<\/li>\n<\/ul>\n<p>Approveremo le richieste di link da parte di queste organizzazioni se decideremo che: (a) il link non ci faccia apparire sfavorevoli a noi stessi o alle nostre aziende accreditate; (b) l'organizzazione non abbia precedenti negativi con noi; (c) il beneficio per noi derivante dalla visibilit\u00e0 del collegamento ipertestuale compensi l'assenza di ARMAWEB; e (d) il link sia nel contesto di informazioni generali sulle risorse.<\/p>\n<p>Queste organizzazioni possono collegarsi alla nostra home page a condizione che il link: (a) non sia in alcun modo ingannevole; (b) non implichi falsamente la sponsorizzazione, l'avallo o l'approvazione del linkante e dei suoi prodotti o servizi; e (c) si inserisca nel contesto del sito del linkante.<\/p>\n<p>Se siete una delle organizzazioni elencate nel precedente paragrafo 2 e siete interessati a collegarvi al nostro sito web, dovete informarci inviando un'e-mail ad ARMAWEB. Vi preghiamo di includere il vostro nome, il nome della vostra organizzazione, le informazioni di contatto e l'URL del vostro sito, un elenco di tutti gli URL da cui intendete collegarvi al nostro sito e un elenco degli URL del nostro sito a cui vorreste collegarvi. Attendere 2-3 settimane per una risposta.<\/p>\n<p><strong>Le organizzazioni autorizzate possono collegarsi al nostro sito web come segue:<\/strong><\/p>\n<ul>\n<li>Utilizzando la nostra ragione sociale; oppure<\/li>\n<li>Utilizzando il localizzatore uniforme di risorse a cui ci si collega; oppure<\/li>\n<li>Utilizzando qualsiasi altra descrizione del nostro sito web che abbia senso all'interno del contesto e del formato del contenuto del sito della parte che effettua il collegamento.<\/li>\n<\/ul>\n<p><strong>Non sar\u00e0 consentito l'uso del logo o di altre immagini di ARMAWEB per il collegamento senza un accordo di licenza del marchio.<\/strong><\/p>\n<h3>iFrames<\/h3>\n<p>Senza previa approvazione e autorizzazione scritta, non \u00e8 consentito creare cornici intorno alle nostre pagine web che alterino in qualsiasi modo la presentazione visiva o l'aspetto del nostro sito.<\/p>\n<h3>Responsabilit\u00e0 per i contenuti<\/h3>\n<p>Non ci riteniamo responsabili di alcun contenuto che appaia sul vostro sito web. L'utente accetta di proteggerci e difenderci da qualsiasi reclamo che venga sollevato sul suo sito web. Nessun link deve apparire su alcun sito web che possa essere interpretato come diffamatorio, osceno o criminale, o che infranga o violi in altro modo, o che sostenga l'infrazione o altra violazione di diritti di terzi.<\/p>\n<h3>Riserva di diritti<\/h3>\n<p>Ci riserviamo il diritto di richiedere la rimozione di tutti i link o di un particolare link al nostro Sito web. L'utente si impegna a rimuovere immediatamente tutti i link al nostro sito web su richiesta. Ci riserviamo inoltre il diritto di modificare i presenti termini e condizioni e la relativa politica di collegamento in qualsiasi momento. Collegandovi continuamente al nostro sito web, accettate di essere vincolati e di seguire questi termini e condizioni di collegamento.<\/p>\n<h3>Rimozione di link dal nostro sito web<\/h3>\n<p>Se nel nostro sito web trovate un link offensivo per qualsiasi motivo, siete liberi di contattarci e informarci in qualsiasi momento. Prenderemo in considerazione le richieste di rimozione dei link, ma non siamo obbligati a farlo o a rispondere direttamente all'utente.<\/p>\n<p>Non assicuriamo la correttezza delle informazioni contenute in questo sito web, non ne garantiamo la completezza o l'accuratezza; n\u00e9 promettiamo di garantire che il sito web rimanga disponibile o che il materiale presente sul sito web sia aggiornato.<\/p>\n<h3>Esclusione di responsabilit\u00e0<\/h3>\n<p>Nella misura massima consentita dalla legge applicabile, escludiamo tutte le dichiarazioni, garanzie e condizioni relative al nostro sito web e all'uso di questo sito web.<\/p>\n<p>Nulla di quanto contenuto nella presente clausola di esclusione della responsabilit\u00e0<\/p>\n<ul>\n<li>limitare o escludere la nostra o vostra responsabilit\u00e0 per morte o lesioni personali;<\/li>\n<li>limitare o escludere la nostra o vostra responsabilit\u00e0 per frode o falsa dichiarazione fraudolenta;<\/li>\n<li>limitare qualsiasi nostra o vostra responsabilit\u00e0 in qualsiasi modo che non sia consentito dalla legge applicabile;<\/li>\n<li>escludere qualsiasi nostra o vostra responsabilit\u00e0 che non possa essere esclusa ai sensi della legge applicabile.<\/li>\n<\/ul>\n<p>Le limitazioni e i divieti di responsabilit\u00e0 indicati in questa sezione e in altre parti della presente clausola di esclusione della responsabilit\u00e0:<\/p>\n<ul>\n<li>(a) sono soggetti al paragrafo precedente;<\/li>\n<li>(b) disciplinano tutte le responsabilit\u00e0 derivanti dalla clausola di esclusione della responsabilit\u00e0, comprese le responsabilit\u00e0 derivanti da contratto, da illecito e da violazione di obblighi di legge.<\/li>\n<\/ul>\n<p>Finch\u00e9 il sito web e le informazioni e i servizi presenti sul sito web sono forniti gratuitamente, non saremo responsabili per eventuali perdite o danni di qualsiasi natura.<\/p>\n<\/div>\n<\/div><\/div>\n<\/section>","protected":false},"excerpt":{"rendered":"<p>Termini e condizioni Benvenuti su ARMAWEB! Questi termini e condizioni delineano le regole e le norme per l&#8217;utilizzo del sito web di ARMAWEB, situato all&#8217;indirizzo https:\/\/armaweb.eu. Accedendo a questo sito web si presume che l&#8217;utente accetti questi termini e condizioni. Non continuare a utilizzare ARMAWEB se non si accettano tutti i termini e le condizioni [&hellip;]<\/p>\n","protected":false},"author":1,"featured_media":0,"parent":0,"menu_order":0,"comment_status":"closed","ping_status":"closed","template":"","meta":{"_breakdance_hide_in_design_set":false,"_breakdance_tags":"","footnotes":""},"class_list":["post-1066","page","type-page","status-publish","hentry"],"_links":{"self":[{"href":"https:\/\/armaweb.eu\/pl\/wp-json\/wp\/v2\/pages\/1066","targetHints":{"allow":["GET"]}}],"collection":[{"href":"https:\/\/armaweb.eu\/pl\/wp-json\/wp\/v2\/pages"}],"about":[{"href":"https:\/\/armaweb.eu\/pl\/wp-json\/wp\/v2\/types\/page"}],"author":[{"embeddable":true,"href":"https:\/\/armaweb.eu\/pl\/wp-json\/wp\/v2\/users\/1"}],"replies":[{"embeddable":true,"href":"https:\/\/armaweb.eu\/pl\/wp-json\/wp\/v2\/comments?post=1066"}],"version-history":[{"count":5,"href":"https:\/\/armaweb.eu\/pl\/wp-json\/wp\/v2\/pages\/1066\/revisions"}],"predecessor-version":[{"id":1094,"href":"https:\/\/armaweb.eu\/pl\/wp-json\/wp\/v2\/pages\/1066\/revisions\/1094"}],"wp:attachment":[{"href":"https:\/\/armaweb.eu\/pl\/wp-json\/wp\/v2\/media?parent=1066"}],"curies":[{"name":"wp","href":"https:\/\/api.w.org\/{rel}","templated":true}]}}