{"id":1309,"date":"2024-08-07T21:54:03","date_gmt":"2024-08-07T19:54:03","guid":{"rendered":"https:\/\/armaweb.eu\/pl\/?page_id=1309"},"modified":"2024-09-21T17:59:28","modified_gmt":"2024-09-21T15:59:28","slug":"tworzenie-stron-wordpress","status":"publish","type":"page","link":"https:\/\/armaweb.eu\/pl\/tworzenie-stron-wordpress\/","title":{"rendered":"Tworzenie stron WordPress"},"content":{"rendered":"<section class=\"bde-section-1309-107 bde-section\">\n              \n  \n  \n\t\n\n  <div class=\"section-background-overlay\"><\/div>\n\n\n<div class=\"section-container\"><div class=\"bde-div-1309-108 bde-div\">\n  \n  \n\t\n\n\n\n<div class=\"bde-columns-1309-109 bde-columns\"><div class=\"bde-column-1309-110 bde-column\">\n  \n  \n\t\n\n\n\n<h4 class=\"bde-heading-1309-111 bde-heading\">\nTworzenie stron WordPress\n<\/h4><div class=\"bde-fancy-divider-1309-112 bde-fancy-divider\">\n\n\n<div class=\"bde-fancy-divider__wrapper\">\n  <div class=\"bde-fancy-divider__separator   \">\n  \t  <\/div>\n<\/div>\n\n<\/div><div class=\"bde-div-1309-113 bde-div\">\n  \n  \n\t\n\n\n\n<div class=\"bde-button-1309-114 bde-button\">\n    \n                        \n                        \n    \n    \n    \n    \n            \n                    \n            \n            \n\n    \n    \n    \n    \n    \n    <a class=\"breakdance-link button-atom button-atom--custom bde-button__button\" href=\"https:\/\/armaweb.eu\/pl\" target=\"_self\" data-type=\"url\"  >\n\n    \n        <span class=\"button-atom__text\">Home<\/span>\n\n                            \n        \n                <\/a>\n\n    \n\n\n<\/div>\n<\/div>\n<\/div><\/div>\n<\/div><\/div>\n<\/section><section class=\"bde-section-1309-100 bde-section\">\n  \n  \n\t\n\n\n\n<div class=\"section-container\"><div class=\"bde-columns-1309-148 bde-columns\"><div class=\"bde-column-1309-149 bde-column\">\n  \n  \n\t\n\n\n\n<div class=\"bde-div-1309-153 bde-div\">\n  \n  \n\t\n\n\n\n<h1 class=\"bde-heading-1309-152 bde-heading\">\nTworzenie stron WordPress jest obecnie bardzo na czasie z uwagi na olbrzymi\u0105 popularno\u015b\u0107 WordPress\u2019a. <br><br>Tworz\u0105c stron\u0119 firmow\u0105 na WordPress mamy mo\u017cliwo\u015bci skorzystania z gotowych modu\u0142\u00f3w i szablon\u00f3w graficznych, dzi\u0119ki czemu zak\u0142adanie strony na WordPressie przebiega bardzo szybko.<br><br>Ponadto, takie rozwi\u0105zanie pozwala maksymalnie obni\u017cy\u0107 koszty. A system zarz\u0105dzania tre\u015bci\u0105 CMS umo\u017cliwia \u2013 po kr\u00f3tkim szkoleniu \u2013 samodzieln\u0105 edycj\u0119 tekst\u00f3w, danych kontaktowych czy uzupe\u0142nianie zdj\u0119\u0107 w fotogalerii.<br><br>A tak\u017ce pisanie artyku\u0142\u00f3w w dziale aktualno\u015bci lub firmowego bloga.\n<\/h1>\n<\/div><div class=\"bde-div-1309-147 bde-div\">\n  \n  \n\t\n\n\n\n<div class=\"bde-image-box-1309-139 bde-image-box\" data-entrance=\"slideUp\">\n<div class=\"ee-imagebox-image\">\n  <img loading=\"lazy\" decoding=\"async\" class=\"breakdance-image-object\" src=\"https:\/\/armaweb.eu\/pl\/wp-content\/uploads\/2024\/08\/social.png\" width=\"100\" height=\"79\" sizes=\"auto, (max-width: 100px) 100vw, 100px\">\n<\/div>\n<div class=\"ee-imagebox-content\">\n      <h3 class=\"ee-imagebox-title bde-h3\" >Rozmowa telefoniczna<\/h3>\n    \n      <div class=\"ee-imagebox-text\" >To wst\u0119pne spotkanie jest niezb\u0119dne do zrozumienia potrzeb, cel\u00f3w i zakresu projektu klienta. Jest to okazja do zebrania jak najwi\u0119kszej ilo\u015bci informacji, kt\u00f3re pomog\u0105 w realizacji ca\u0142ego projektu.<\/div>\n    \n  <\/div>\n\n<\/div><div class=\"bde-image-box-1309-140 bde-image-box\" data-entrance=\"slideUp\">\n<div class=\"ee-imagebox-image\">\n  <img loading=\"lazy\" decoding=\"async\" class=\"breakdance-image-object\" src=\"https:\/\/armaweb.eu\/pl\/wp-content\/uploads\/2024\/08\/know-how.png\" width=\"80\" height=\"80\" sizes=\"auto, (max-width: 80px) 100vw, 80px\">\n<\/div>\n<div class=\"ee-imagebox-content\">\n      <h3 class=\"ee-imagebox-title bde-h3\" >Podsumowanie projektu<\/h3>\n    \n      <div class=\"ee-imagebox-text\" >W oparciu o rozmow\u0119 wyja\u015bniaj\u0105c\u0105, tworz\u0119 szczeg\u00f3\u0142owy brief projektu, okre\u015blaj\u0105cy cele projektu, grup\u0119 docelow\u0105, rezultaty, harmonogram i bud\u017cet. Dokument ten s\u0142u\u017cy jako mapa drogowa projektu.<\/div>\n    \n  <\/div>\n\n<\/div>\n<\/div><div class=\"bde-div-1309-101 bde-div\">\n  \n  \n\t\n\n\n\n<div class=\"bde-image-box-1309-141 bde-image-box\" data-entrance=\"slideUp\">\n<div class=\"ee-imagebox-image\">\n  <img loading=\"lazy\" decoding=\"async\" class=\"breakdance-image-object\" src=\"https:\/\/armaweb.eu\/pl\/wp-content\/uploads\/2024\/08\/responsive-design-1.png\" width=\"80\" height=\"80\" sizes=\"auto, (max-width: 80px) 100vw, 80px\">\n<\/div>\n<div class=\"ee-imagebox-content\">\n      <h3 class=\"ee-imagebox-title bde-h3\" >Koncepcja projektu<\/h3>\n    \n      <div class=\"ee-imagebox-text\" >W tej fazie prezentuj\u0119 makiety i prototypy. To tutaj identyfikacja wizualna zaczyna nabiera\u0107 kszta\u0142tu, w tym uk\u0142ad, paleta kolor\u00f3w, typografia i elementy interfejsu u\u017cytkownika. Opinie klient\u00f3w maj\u0105 kluczowe znaczenie dla udoskonalenia projektu.<\/div>\n    \n  <\/div>\n\n<\/div><div class=\"bde-image-box-1309-143 bde-image-box\" data-entrance=\"slideUp\">\n<div class=\"ee-imagebox-image\">\n  <img loading=\"lazy\" decoding=\"async\" class=\"breakdance-image-object\" src=\"https:\/\/armaweb.eu\/pl\/wp-content\/uploads\/2024\/08\/green-wp.png\" width=\"170\" height=\"170\" sizes=\"auto, (max-width: 170px) 100vw, 170px\">\n<\/div>\n<div class=\"ee-imagebox-content\">\n      <h3 class=\"ee-imagebox-title bde-h3\" >Stworzenie CMS WordPress<\/h3>\n    \n      <div class=\"ee-imagebox-text\" >Po zatwierdzeniu projektu rozpoczynam faz\u0119 rozwoju systemu zarz\u0105dzania tre\u015bci\u0105 (CMS).  Obejmuje to tworzenie niestandardowego motywu WordPress.<\/div>\n    \n  <\/div>\n\n<\/div>\n<\/div><div class=\"bde-div-1309-145 bde-div\">\n  \n  \n\t\n\n\n\n<div class=\"bde-image-box-1309-151 bde-image-box\" data-entrance=\"slideUp\">\n<div class=\"ee-imagebox-image\">\n  <img loading=\"lazy\" decoding=\"async\" class=\"breakdance-image-object\" src=\"https:\/\/armaweb.eu\/pl\/wp-content\/uploads\/2024\/08\/html-code.png\" width=\"80\" height=\"80\" sizes=\"auto, (max-width: 80px) 100vw, 80px\">\n<\/div>\n<div class=\"ee-imagebox-content\">\n      <h3 class=\"ee-imagebox-title bde-h3\" >On Line<\/h3>\n    \n      <div class=\"ee-imagebox-text\" >Po dok\u0142adnej weryfikacji i ostatecznym zatwierdzeniu witryna zaczyna dzia\u0142a\u0107. Faza ta mo\u017ce r\u00f3wnie\u017c obejmowa\u0107 szkolenie klienta w zakresie zarz\u0105dzania now\u0105 witryn\u0105 i niezb\u0119dnego wsparcia po uruchomieniu.<\/div>\n    \n  <\/div>\n\n<\/div><div class=\"bde-image-box-1309-146 bde-image-box\" data-entrance=\"slideUp\">\n<div class=\"ee-imagebox-image\">\n  <img loading=\"lazy\" decoding=\"async\" class=\"breakdance-image-object\" src=\"https:\/\/armaweb.eu\/pl\/wp-content\/uploads\/2024\/08\/fast.png\" width=\"80\" height=\"80\" sizes=\"auto, (max-width: 80px) 100vw, 80px\">\n<\/div>\n<div class=\"ee-imagebox-content\">\n      <h3 class=\"ee-imagebox-title bde-h3\" >Sta\u0142e wsparcie<\/h3>\n    \n      <div class=\"ee-imagebox-text\" >Po zako\u0144czeniu projektu dost\u0119pna jest opcjonalna umowa na bie\u017c\u0105ce wsparcie. Umowa mo\u017ce obejmowa\u0107 dzia\u0142ania pomocnicze zwi\u0105zane z CMS, aktualizacje i konserwacj\u0119 witryny.<\/div>\n    \n  <\/div>\n\n<\/div>\n<\/div><div class=\"bde-div-1309-190 bde-div\">\n  \n  \n\t\n\n\n\n<h1 class=\"bde-heading-1309-189 bde-heading\">\nDlaczego akurat WordPress?\n<\/h1><h1 class=\"bde-heading-1309-188 bde-heading\">\nNajcz\u0119\u015bciej wybierany CMS na \u015bwiecie.<br>Poznaj 10 powod\u00f3w, dla kt\u00f3rych tworzenie strony firmowej w WordPress jest najlepsz\u0105 opcj\u0105 dla ma\u0142ej oraz \u015bredniej firmy. I dla du\u017cej firmy r\u00f3wnie\u017c.\n<\/h1>\n<\/div><div class=\"bde-columns-1309-156 bde-columns\"><div class=\"bde-column-1309-157 bde-column\" data-entrance=\"slideUp\">\n  \n  \n\t\n\n\n\n<h1 class=\"bde-heading-1309-166 bde-heading\">\nMobilna wersja strony WordPress\n<\/h1><div class=\"bde-div-1309-164 bde-div\">\n  \n  \n\t\n\n\n\n<div class=\"bde-icon-1309-184 bde-icon\">\n\n    \n            <div class=\"bde-icon-icon breakdance-icon-atom\" >\n    \n                    <svg xmlns=\"http:\/\/www.w3.org\/2000\/svg\" viewBox=\"0 0 384 512\"><!--! Font Awesome Free 6.5.1 by @fontawesome - https:\/\/fontawesome.com License - https:\/\/fontawesome.com\/license\/free (Icons: CC BY 4.0, Fonts: SIL OFL 1.1, Code: MIT License) Copyright 2023 Fonticons, Inc. --><path d=\"M16 64C16 28.7 44.7 0 80 0H304c35.3 0 64 28.7 64 64V448c0 35.3-28.7 64-64 64H80c-35.3 0-64-28.7-64-64V64zM224 448a32 32 0 1 0 -64 0 32 32 0 1 0 64 0zM304 64H80V384H304V64z\"\/><\/svg>\n        \n        \n        \n            <\/div>\n    \n\n\n<\/div><div class=\"bde-text-1309-165 bde-text\">\nNie potrzebujesz oddzielnej strony mobilnej. Projektowane lub wykorzystywane przez nas szablony graficzne wspieraj\u0105 podej\u015bcie RWD (Responsive Web Design) dzi\u0119ki temu Twoja nowa strona b\u0119dzie dobrze wy\u015bwietla\u0142a si\u0119 nie tylko na komputerach (du\u017ce ekrany), ale r\u00f3wnie\u017c na smartfonach i tabletach. Mo\u017cliwe jest r\u00f3wnie\u017c r\u00f3\u017cnicowanie informacji jakie wy\u015bwietlaj\u0105 si\u0119 klientom na komputerach a jakie na ich urz\u0105dzeniach mobilnych.\n<\/div>\n<\/div>\n<\/div><div class=\"bde-column-1309-158 bde-column\" data-entrance=\"slideUp\">\n  \n  \n\t\n\n\n\n<h1 class=\"bde-heading-1309-167 bde-heading\">\nStrony firmowe WordPress\n<\/h1><div class=\"bde-div-1309-172 bde-div\">\n  \n  \n\t\n\n\n\n<div class=\"bde-icon-1309-185 bde-icon\">\n\n    \n            <div class=\"bde-icon-icon breakdance-icon-atom\" >\n    \n                    <svg xmlns=\"http:\/\/www.w3.org\/2000\/svg\" id=\"icon-wordpress\" viewBox=\"0 0 32 32\">\n<path d=\"M4 16c0 4.626 2.76 8.624 6.763 10.518l-5.724-15.274c-0.666 1.453-1.039 3.062-1.039 4.756zM24.101 15.41c0-1.445-0.533-2.445-0.989-3.223-0.608-0.963-1.179-1.778-1.179-2.741 0-1.074 0.836-2.074 2.015-2.074 0.053 0 0.104 0.006 0.155 0.009-2.135-1.905-4.979-3.069-8.103-3.069-4.192 0-7.881 2.095-10.026 5.268 0.282 0.009 0.547 0.014 0.772 0.014 1.255 0 3.198-0.149 3.198-0.149 0.647-0.037 0.723 0.889 0.077 0.963 0 0-0.65 0.074-1.373 0.111l4.37 12.66 2.626-7.671-1.869-4.989c-0.646-0.037-1.259-0.111-1.259-0.111-0.647-0.037-0.571-1 0.076-0.963 0 0 1.981 0.149 3.16 0.149 1.255 0 3.198-0.149 3.198-0.149 0.647-0.037 0.723 0.889 0.076 0.963 0 0-0.651 0.074-1.373 0.111l4.337 12.563 1.197-3.895c0.518-1.617 0.913-2.778 0.913-3.778zM16.211 17.022l-3.601 10.189c1.075 0.308 2.212 0.476 3.39 0.476 1.397 0 2.738-0.235 3.985-0.663-0.032-0.050-0.062-0.103-0.086-0.161l-3.688-9.842zM26.53 10.393c0.052 0.372 0.081 0.771 0.081 1.202 0 1.185-0.228 2.519-0.913 4.186l-3.665 10.321c3.568-2.026 5.967-5.79 5.967-10.102 0-2.032-0.533-3.943-1.47-5.607zM16 0c-8.837 0-16 7.163-16 16s7.163 16 16 16 16-7.163 16-16-7.163-16-16-16zM16 30c-7.732 0-14-6.268-14-14s6.268-14 14-14 14 6.268 14 14-6.268 14-14 14z\"\/>\n<\/svg>\n        \n        \n        \n            <\/div>\n    \n\n\n<\/div><div class=\"bde-text-1309-170 bde-text\">\nStrony WordPress, kt\u00f3re tworzymy opr\u00f3cz stron informacyjnych mog\u0105 zawiera\u0107 zwyk\u0142e lub rozbudowane formularze kontaktowe, fotogalerie, interaktywne pokazy zdj\u0119\u0107, dzia\u0142y aktualno\u015bci, prezentacje produkt\u00f3w w formie portfolio, kalendarze wydarze\u0144, menu restauracji i wiele innych element\u00f3w. Strona WordPress jest elastyczna i \u0142atwo j\u0105 rozbudowa\u0107 o kolejne podstrony czy dodatkowe elementy.\n<\/div>\n<\/div>\n<\/div><\/div><div class=\"bde-columns-1309-175 bde-columns\"><div class=\"bde-column-1309-176 bde-column\" data-entrance=\"slideUp\">\n  \n  \n\t\n\n\n\n<h1 class=\"bde-heading-1309-177 bde-heading\">\nBlogi firmowe i osobiste\n<\/h1><div class=\"bde-div-1309-178 bde-div\">\n  \n  \n\t\n\n\n\n<div class=\"bde-icon-1309-186 bde-icon\">\n\n    \n            <div class=\"bde-icon-icon breakdance-icon-atom\" >\n    \n                    <svg xmlns=\"http:\/\/www.w3.org\/2000\/svg\" viewBox=\"0 0 512 512\"><!--! Font Awesome Free 6.5.1 by @fontawesome - https:\/\/fontawesome.com License - https:\/\/fontawesome.com\/license\/free (Icons: CC BY 4.0, Fonts: SIL OFL 1.1, Code: MIT License) Copyright 2023 Fonticons, Inc. --><path d=\"M192 32c0 17.7 14.3 32 32 32c123.7 0 224 100.3 224 224c0 17.7 14.3 32 32 32s32-14.3 32-32C512 128.9 383.1 0 224 0c-17.7 0-32 14.3-32 32zm0 96c0 17.7 14.3 32 32 32c70.7 0 128 57.3 128 128c0 17.7 14.3 32 32 32s32-14.3 32-32c0-106-86-192-192-192c-17.7 0-32 14.3-32 32zM96 144c0-26.5-21.5-48-48-48S0 117.5 0 144V368c0 79.5 64.5 144 144 144s144-64.5 144-144s-64.5-144-144-144H128v96h16c26.5 0 48 21.5 48 48s-21.5 48-48 48s-48-21.5-48-48V144z\"\/><\/svg>\n        \n        \n        \n            <\/div>\n    \n\n\n<\/div><div class=\"bde-text-1309-179 bde-text\">\nWordPress zosta\u0142 stworzony do blogowania i pocz\u0105tkowo tylko do tego by\u0142 wykorzystywany. Blog mo\u017cemy zintegrowa\u0107  z mediami spo\u0142eczno\u015bciowymi poprzez komentowanie wpis\u00f3w przez zalogowanych poprzez Facebook\u2019a, Instagram, itp. u\u017cytkownik\u00f3w, automatyczna publikacja artyku\u0142\u00f3w blogowych, przyciski \u201eLubi\u0119 to\u201d w tre\u015bci czy  zamieszczenie widget\u2019\u00f3w pokazuj\u0105cych liczb\u0119 fan\u00f3w. Artyku\u0142y blogowe mo\u017cna tagowa\u0107 s\u0142owami kluczowymi.\n<\/div>\n<\/div>\n<\/div><div class=\"bde-column-1309-180 bde-column\" data-entrance=\"slideUp\">\n  \n  \n\t\n\n\n\n<h1 class=\"bde-heading-1309-181 bde-heading\">\nPortale internetowe\n<\/h1><div class=\"bde-div-1309-182 bde-div\">\n  \n  \n\t\n\n\n\n<div class=\"bde-icon-1309-187 bde-icon\">\n\n    \n            <div class=\"bde-icon-icon breakdance-icon-atom\" >\n    \n                    <svg xmlns=\"http:\/\/www.w3.org\/2000\/svg\" viewBox=\"0 0 512 512\"><!--! Font Awesome Free 6.5.1 by @fontawesome - https:\/\/fontawesome.com License - https:\/\/fontawesome.com\/license\/free (Icons: CC BY 4.0, Fonts: SIL OFL 1.1, Code: MIT License) Copyright 2023 Fonticons, Inc. --><path d=\"M352 256c0 22.2-1.2 43.6-3.3 64H163.3c-2.2-20.4-3.3-41.8-3.3-64s1.2-43.6 3.3-64H348.7c2.2 20.4 3.3 41.8 3.3 64zm28.8-64H503.9c5.3 20.5 8.1 41.9 8.1 64s-2.8 43.5-8.1 64H380.8c2.1-20.6 3.2-42 3.2-64s-1.1-43.4-3.2-64zm112.6-32H376.7c-10-63.9-29.8-117.4-55.3-151.6c78.3 20.7 142 77.5 171.9 151.6zm-149.1 0H167.7c6.1-36.4 15.5-68.6 27-94.7c10.5-23.6 22.2-40.7 33.5-51.5C239.4 3.2 248.7 0 256 0s16.6 3.2 27.8 13.8c11.3 10.8 23 27.9 33.5 51.5c11.6 26 20.9 58.2 27 94.7zm-209 0H18.6C48.6 85.9 112.2 29.1 190.6 8.4C165.1 42.6 145.3 96.1 135.3 160zM8.1 192H131.2c-2.1 20.6-3.2 42-3.2 64s1.1 43.4 3.2 64H8.1C2.8 299.5 0 278.1 0 256s2.8-43.5 8.1-64zM194.7 446.6c-11.6-26-20.9-58.2-27-94.6H344.3c-6.1 36.4-15.5 68.6-27 94.6c-10.5 23.6-22.2 40.7-33.5 51.5C272.6 508.8 263.3 512 256 512s-16.6-3.2-27.8-13.8c-11.3-10.8-23-27.9-33.5-51.5zM135.3 352c10 63.9 29.8 117.4 55.3 151.6C112.2 482.9 48.6 426.1 18.6 352H135.3zm358.1 0c-30 74.1-93.6 130.9-171.9 151.6c25.5-34.2 45.2-87.7 55.3-151.6H493.4z\"\/><\/svg>\n        \n        \n        \n            <\/div>\n    \n\n\n<\/div><div class=\"bde-text-1309-183 bde-text\">\nDzi\u0119ki podstawowym funkcjom WordPress\u2019a a tak\u017ce mo\u017cliwo\u015bciom poszerzenia jego funkcjonalno\u015bci za pomoc\u0105 wtyczek mo\u017cemy stworzy\u0107 tak\u017ce portal, czy serwis informacyjny. Artyku\u0142y mog\u0105 zosta\u0107 podzielone na oddzielne kategorie, podkategorie i publikowane na osobnych podstronach. Bez problemu opublikujemy r\u00f3wnie\u017c materia\u0142y video i pliki d\u017awi\u0119kowe a czytelnicy wyra\u017c\u0105 swoj\u0105 opini\u0119 za pomoc\u0105 systemu komentarzy.\n<\/div>\n<\/div>\n<\/div><\/div>\n<\/div><div class=\"bde-column-1309-104 bde-column\">\n  \n  \n\t\n\n\n\n<div class=\"bde-div-1309-117 bde-div\">\n  \n  \n\t\n\n\n\n<div class=\"bde-globalblock-1309-120 bde-globalblock\"><div class=\"bde-div-1636-100-1636-1 bde-div bde-div-1636-100\">\n  \n  \n\t\n\n\n\n<h1 class=\"bde-heading-1636-101-1636-1 bde-heading bde-heading-1636-101\">\nWi\u0119cej stron\n<\/h1><div class=\"bde-shortcode-1636-102-1636-1 bde-shortcode bde-shortcode-1636-102\">\n<!-- Page-list plugin v.5.9 wordpress.org\/plugins\/page-list\/ -->\n<ul class=\"page-list \">\n<li class=\"page_item page-item-1684\"><a href=\"https:\/\/armaweb.eu\/pl\/aktualizacje-i-konserwacja\/\">Aktualizacje i konserwacja<\/a><\/li>\n<li class=\"page_item page-item-1086\"><a href=\"https:\/\/armaweb.eu\/pl\/bezplatna-wycena\/\">Bezp\u0142atna wycena<\/a><\/li>\n<li class=\"page_item page-item-1975\"><a href=\"https:\/\/armaweb.eu\/pl\/cennik\/\">Cennik<\/a><\/li>\n<li class=\"page_item page-item-317\"><a href=\"https:\/\/armaweb.eu\/pl\/faq\/\">FAQ<\/a><\/li>\n<li class=\"page_item page-item-321\"><a href=\"https:\/\/armaweb.eu\/pl\/oferta\/\">Oferta<\/a><\/li>\n<li class=\"page_item page-item-2231\"><a href=\"https:\/\/armaweb.eu\/pl\/pierwszy-krok-domena-i-hosting\/\">Pierwszy krok: domena i hosting<\/a><\/li>\n<li class=\"page_item page-item-2223\"><a href=\"https:\/\/armaweb.eu\/pl\/restyling-strony-internetowej\/\">Restyling strony internetowej<\/a><\/li>\n<li class=\"page_item page-item-2237\"><a href=\"https:\/\/armaweb.eu\/pl\/sklepu-woocommerce\/\">Sklepu WooCommerce<\/a><\/li>\n<li class=\"page_item page-item-1401\"><a href=\"https:\/\/armaweb.eu\/pl\/wp4you\/\">WP4YOU<\/a><\/li>\n\n<\/ul><\/div>\n<\/div><div class=\"bde-div-1636-104-1636-1 bde-div bde-div-1636-104\">\n  \n  \n\t\n\n\n\n<div class=\"bde-image-1636-108-1636-1 bde-image bde-image-1636-108\">\n<figure class=\"breakdance-image breakdance-image--1721\">\n\t<div class=\"breakdance-image-container\">\n\t\t<div class=\"breakdance-image-clip\"><a class=\"breakdance-image-link breakdance-image-link--url\" href=\"https:\/\/mediasonik.com\" target=\"_blank\" rel=\"noopener\" data-sub-html=\"\" data-lg-size=\"-\"><img loading=\"lazy\" decoding=\"async\" class=\"breakdance-image-object\" src=\"https:\/\/armaweb.eu\/pl\/wp-content\/uploads\/2024\/08\/logo-1.png\" width=\"300\" height=\"82\" sizes=\"auto, (max-width: 300px) 100vw, 300px\"><\/a><\/div>\n\t<\/div><\/figure>\n\n<\/div>\n<\/div><div class=\"bde-div-1636-107-1636-1 bde-div bde-div-1636-107\">\n  \n  \n\t\n\n\n\n<div class=\"bde-div-1636-113-1636-1 bde-div bde-div-1636-113\">\n  \n  \n\t\n\n\n\n<div class=\"bde-image-1636-114-1636-1 bde-image bde-image-1636-114\">\n<figure class=\"breakdance-image breakdance-image--1703\">\n\t<div class=\"breakdance-image-container\">\n\t\t<div class=\"breakdance-image-clip\"><img loading=\"lazy\" decoding=\"async\" class=\"breakdance-image-object\" src=\"https:\/\/armaweb.eu\/pl\/wp-content\/uploads\/2024\/08\/logo-sonik-nero.png\" width=\"264\" height=\"104\" sizes=\"auto, (max-width: 264px) 100vw, 264px\"><\/div>\n\t<\/div><\/figure>\n\n<\/div>\n<\/div><div class=\"bde-div-1636-111-1636-1 bde-div bde-div-1636-111\">\n  \n  \n\t\n\n\n\n<div class=\"bde-image-1636-112-1636-1 bde-image bde-image-1636-112\">\n<figure class=\"breakdance-image breakdance-image--1701\">\n\t<div class=\"breakdance-image-container\">\n\t\t<div class=\"breakdance-image-clip\"><a class=\"breakdance-image-link breakdance-image-link--url\" href=\"https:\/\/play.google.com\/store\/apps\/details?id=net.fluidstream.sonikradio&hl=it_IT\" target=\"_blank\" rel=\"noopener\" data-sub-html=\"\" data-lg-size=\"-\"><img loading=\"lazy\" decoding=\"async\" class=\"breakdance-image-object\" src=\"https:\/\/armaweb.eu\/pl\/wp-content\/uploads\/2024\/08\/foxyjohn-ten-10-rock.png\" width=\"940\" height=\"788\" srcset=\"https:\/\/armaweb.eu\/pl\/wp-content\/uploads\/2024\/08\/foxyjohn-ten-10-rock.png 940w, https:\/\/armaweb.eu\/pl\/wp-content\/uploads\/2024\/08\/foxyjohn-ten-10-rock-300x251.png 300w, https:\/\/armaweb.eu\/pl\/wp-content\/uploads\/2024\/08\/foxyjohn-ten-10-rock-768x644.png 768w\" sizes=\"auto, (max-width: 940px) 100vw, 940px\"><\/a><\/div>\n\t<\/div><\/figure>\n\n<\/div>\n<\/div><div class=\"bde-div-1636-109-1636-1 bde-div bde-div-1636-109\">\n  \n  \n\t\n\n\n\n<div class=\"bde-image-1636-110-1636-1 bde-image bde-image-1636-110\">\n<figure class=\"breakdance-image breakdance-image--1693\">\n\t<div class=\"breakdance-image-container\">\n\t\t<div class=\"breakdance-image-clip\"><a class=\"breakdance-image-link breakdance-image-link--url\" href=\"https:\/\/play.google.com\/store\/apps\/details?id=net.fluidstream.sonikradio&hl=it_IT\" target=\"_blank\" rel=\"noopener\" data-sub-html=\"\" data-lg-size=\"-\"><img loading=\"lazy\" decoding=\"async\" class=\"breakdance-image-object\" src=\"https:\/\/armaweb.eu\/pl\/wp-content\/uploads\/2024\/08\/Daniela-Debolini-to10italia.png\" width=\"940\" height=\"788\" srcset=\"https:\/\/armaweb.eu\/pl\/wp-content\/uploads\/2024\/08\/Daniela-Debolini-to10italia.png 940w, https:\/\/armaweb.eu\/pl\/wp-content\/uploads\/2024\/08\/Daniela-Debolini-to10italia-300x251.png 300w, https:\/\/armaweb.eu\/pl\/wp-content\/uploads\/2024\/08\/Daniela-Debolini-to10italia-768x644.png 768w\" sizes=\"auto, (max-width: 940px) 100vw, 940px\"><\/a><\/div>\n\t<\/div><\/figure>\n\n<\/div>\n<\/div>\n<\/div><\/div>\n<\/div>\n<\/div><\/div><\/div>\n<\/section>","protected":false},"excerpt":{"rendered":"<p>Tworzenie stron WordPress Home Tworzenie stron WordPress jest obecnie bardzo na czasie z uwagi na olbrzymi\u0105 popularno\u015b\u0107 WordPress\u2019a. Tworz\u0105c stron\u0119 firmow\u0105 na WordPress mamy mo\u017cliwo\u015bci skorzystania z gotowych modu\u0142\u00f3w i szablon\u00f3w graficznych, dzi\u0119ki czemu zak\u0142adanie strony na WordPressie przebiega bardzo szybko.Ponadto, takie rozwi\u0105zanie pozwala maksymalnie obni\u017cy\u0107 koszty. A system zarz\u0105dzania tre\u015bci\u0105 CMS umo\u017cliwia \u2013 po [&hellip;]<\/p>\n","protected":false},"author":1,"featured_media":0,"parent":0,"menu_order":0,"comment_status":"closed","ping_status":"closed","template":"","meta":{"_breakdance_hide_in_design_set":false,"_breakdance_tags":"","footnotes":""},"class_list":["post-1309","page","type-page","status-publish","hentry"],"_links":{"self":[{"href":"https:\/\/armaweb.eu\/pl\/wp-json\/wp\/v2\/pages\/1309","targetHints":{"allow":["GET"]}}],"collection":[{"href":"https:\/\/armaweb.eu\/pl\/wp-json\/wp\/v2\/pages"}],"about":[{"href":"https:\/\/armaweb.eu\/pl\/wp-json\/wp\/v2\/types\/page"}],"author":[{"embeddable":true,"href":"https:\/\/armaweb.eu\/pl\/wp-json\/wp\/v2\/users\/1"}],"replies":[{"embeddable":true,"href":"https:\/\/armaweb.eu\/pl\/wp-json\/wp\/v2\/comments?post=1309"}],"version-history":[{"count":157,"href":"https:\/\/armaweb.eu\/pl\/wp-json\/wp\/v2\/pages\/1309\/revisions"}],"predecessor-version":[{"id":2255,"href":"https:\/\/armaweb.eu\/pl\/wp-json\/wp\/v2\/pages\/1309\/revisions\/2255"}],"wp:attachment":[{"href":"https:\/\/armaweb.eu\/pl\/wp-json\/wp\/v2\/media?parent=1309"}],"curies":[{"name":"wp","href":"https:\/\/api.w.org\/{rel}","templated":true}]}}