{"id":1401,"date":"2024-08-08T12:32:11","date_gmt":"2024-08-08T10:32:11","guid":{"rendered":"https:\/\/armaweb.eu\/pl\/?page_id=1401"},"modified":"2024-09-12T12:13:27","modified_gmt":"2024-09-12T10:13:27","slug":"wp4you","status":"publish","type":"page","link":"https:\/\/armaweb.eu\/pl\/wp4you\/","title":{"rendered":"WP4YOU"},"content":{"rendered":"<section class=\"bde-section-1401-100 bde-section\">\n              \n  \n  \n\t\n\n  <div class=\"section-background-overlay\"><\/div>\n\n\n<div class=\"section-container\"><div class=\"bde-div-1401-101 bde-div\">\n  \n  \n\t\n\n\n\n<div class=\"bde-columns-1401-102 bde-columns\"><div class=\"bde-column-1401-103 bde-column\">\n  \n  \n\t\n\n\n\n<h2 class=\"bde-heading-1401-104 bde-heading\">\nWP4YOU\n<\/h2><div class=\"bde-fancy-divider-1401-105 bde-fancy-divider\">\n\n\n<div class=\"bde-fancy-divider__wrapper\">\n  <div class=\"bde-fancy-divider__separator   \">\n  \t  <\/div>\n<\/div>\n\n<\/div><div class=\"bde-div-1401-106 bde-div\">\n  \n  \n\t\n\n\n\n<div class=\"bde-button-1401-107 bde-button\">\n    \n                        \n                        \n    \n    \n    \n    \n            \n                    \n            \n            \n\n    \n    \n    \n    \n    \n    <a class=\"breakdance-link button-atom button-atom--custom bde-button__button\" href=\"https:\/\/bdlayoutspack.com\/breakdance-business-layout-pack\/\" target=\"_self\" data-type=\"url\"  >\n\n    \n        <span class=\"button-atom__text\">Home<\/span>\n\n                            \n        \n                <\/a>\n\n    \n\n\n<\/div>\n<\/div>\n<\/div><\/div>\n<\/div><\/div>\n<\/section><section class=\"bde-section-1401-109 bde-section\">\n  \n  \n\t\n\n\n\n<div class=\"section-container\"><div class=\"bde-div-1401-110 bde-div\">\n  \n  \n\t\n\n\n\n<div class=\"bde-columns-1401-111 bde-columns\"><div class=\"bde-column-1401-112 bde-column\">\n  \n  \n\t\n\n\n\n<div class=\"bde-div-1401-128 bde-div\">\n  \n  \n\t\n\n\n\n<h1 class=\"bde-heading-1401-131 bde-heading\">\nBezpiecze\u0144stwo WordPress\n<\/h1>\n<\/div><div class=\"bde-image-1401-140 bde-image\">\n<figure class=\"breakdance-image breakdance-image--1545\">\n\t<div class=\"breakdance-image-container\">\n\t\t<div class=\"breakdance-image-clip\"><img loading=\"lazy\" decoding=\"async\" class=\"breakdance-image-object\" src=\"https:\/\/armaweb.eu\/pl\/wp-content\/uploads\/2024\/08\/WP4YOU_-2.webp\" width=\"400\" height=\"252\" srcset=\"https:\/\/armaweb.eu\/pl\/wp-content\/uploads\/2024\/08\/WP4YOU_-2.webp 400w, https:\/\/armaweb.eu\/pl\/wp-content\/uploads\/2024\/08\/WP4YOU_-2-300x189.webp 300w\" sizes=\"auto, (max-width: 400px) 100vw, 400px\"><\/div>\n\t<\/div><\/figure>\n\n<\/div><div class=\"bde-text-1401-136 bde-text\">\n<h5>US\u0141UGA W SKR\u00d3CIE<\/h5> Kupujesz pakiet rutynowej konserwacji witryny WordPress.<br>Przez rok dbam o aktualizacje, rutynowe zabezpieczenia i operacje.<br><h5>Co otrzymujesz? <\/h5>\n<\/div><div class=\"bde-text-1401-135 bde-text\">\nStrona, kt\u00f3ra zawsze dzia\u0142a.<br><br>Podczas gdy Ty zajmujesz si\u0119 swoim biznesem, ja pracuj\u0119 dla Ciebie<br><br><b>WP4YOU<\/b> to ochrona, kt\u00f3rej szukasz za ka\u017cdym razem, gdy czytasz, \u017ce WordPress powinien zosta\u0107 zaktualizowany,<br><br><b>WP4YOU<\/b> to utrzymanie, kt\u00f3rego potrzebujesz, aby uwolni\u0107 si\u0119 od niekt\u00f3rych obowi\u0105zk\u00f3w i przywr\u00f3ci\u0107 sw\u00f3j biznes do centrum, co jest najwa\u017cniejsze.<br><br><b>WP4YOU<\/b> daje Ci pewno\u015b\u0107, \u017ce Twoja witryna jest zawsze sprawna i bezpieczna;<br><br>Kupujesz j\u0105 jako roczn\u0105 subskrypcj\u0119:<br><br>12 miesi\u0119cy, w kt\u00f3rych techniczne i uci\u0105\u017cliwe kwestie zwi\u0105zane z WordPressem znikn\u0105, bo zajm\u0119 si\u0119 nimi ja.\n<\/div><div class=\"bde-text-1401-142 bde-text\">\n<b>WP4YOU obejmuje:<\/b><br>- Regularne aktualizacje platformy WordPress.<br>- Regularne kopie zapasowe przestrzeni internetowej (FTP) i bazy danych (SQL).<br>- Aktualizacje wtyczek.<br><br><b>WP4YOU NIE obejmuje:<\/b><br>- Instalacji nowych wtyczek.<br>- Prac technicznych zwi\u0105zanych z tworzeniem nowych obszar\u00f3w witryny.<br>- Tworzenie lub wstawianie tre\u015bci.<br>- Interwencji w przypadku z\u0142o\u015bliwego oprogramowania, atak\u00f3w brute-force lub atak\u00f3w haker\u00f3w <em>(pomoc zostanie wyceniona osobno)<\/em>.<br>- Wszystko, co nie zosta\u0142o wyra\u017anie okre\u015blone w <b>\"WP4YOU zawiera\u201d<\/b>.<br><br><b>Ile to kosztuje?<\/b><br>Cena pakietu subskrypcji WP4YOU, rocznej rutynowej konserwacji witryny na<br>WordPress zale\u017cy od rodzaju witryny, zainstalowanych wtyczek i innych czynnik\u00f3w (hosting, ecc)<br><b>Koszt:<\/b> od 1300 z\u0142 rocznie, bez podatku u \u017ar\u00f3d\u0142a<br><br><b>Uwaga:<\/b><br><em>Cena mo\u017ce si\u0119 r\u00f3\u017cni\u0107 w przypadku handlu elektronicznego i\/lub szczeg\u00f3lnie z\u0142o\u017conych witryn.<\/em>\n<\/div>\n<\/div><div class=\"bde-column-1401-115 bde-column\">\n  \n  \n\t\n\n\n\n<div class=\"bde-div-1401-125 bde-div\">\n  \n  \n\t\n\n\n\n<div class=\"bde-globalblock-1401-141 bde-globalblock\"><div class=\"bde-div-1636-100-1636-1 bde-div bde-div-1636-100\">\n  \n  \n\t\n\n\n\n<h1 class=\"bde-heading-1636-101-1636-1 bde-heading bde-heading-1636-101\">\nWi\u0119cej stron\n<\/h1><div class=\"bde-shortcode-1636-102-1636-1 bde-shortcode bde-shortcode-1636-102\">\n<!-- Page-list plugin v.5.9 wordpress.org\/plugins\/page-list\/ -->\n<ul class=\"page-list \">\n<li class=\"page_item page-item-1684\"><a href=\"https:\/\/armaweb.eu\/pl\/aktualizacje-i-konserwacja\/\">Aktualizacje i konserwacja<\/a><\/li>\n<li class=\"page_item page-item-1086\"><a href=\"https:\/\/armaweb.eu\/pl\/bezplatna-wycena\/\">Bezp\u0142atna wycena<\/a><\/li>\n<li class=\"page_item page-item-1975\"><a href=\"https:\/\/armaweb.eu\/pl\/cennik\/\">Cennik<\/a><\/li>\n<li class=\"page_item page-item-317\"><a href=\"https:\/\/armaweb.eu\/pl\/faq\/\">FAQ<\/a><\/li>\n<li class=\"page_item page-item-321\"><a href=\"https:\/\/armaweb.eu\/pl\/oferta\/\">Oferta<\/a><\/li>\n<li class=\"page_item page-item-2231\"><a href=\"https:\/\/armaweb.eu\/pl\/pierwszy-krok-domena-i-hosting\/\">Pierwszy krok: domena i hosting<\/a><\/li>\n<li class=\"page_item page-item-2223\"><a href=\"https:\/\/armaweb.eu\/pl\/restyling-strony-internetowej\/\">Restyling strony internetowej<\/a><\/li>\n<li class=\"page_item page-item-2237\"><a href=\"https:\/\/armaweb.eu\/pl\/sklepu-woocommerce\/\">Sklepu WooCommerce<\/a><\/li>\n<li class=\"page_item page-item-1309\"><a href=\"https:\/\/armaweb.eu\/pl\/tworzenie-stron-wordpress\/\">Tworzenie stron WordPress<\/a><\/li>\n\n<\/ul><\/div>\n<\/div><div class=\"bde-div-1636-104-1636-1 bde-div bde-div-1636-104\">\n  \n  \n\t\n\n\n\n<div class=\"bde-image-1636-108-1636-1 bde-image bde-image-1636-108\">\n<figure class=\"breakdance-image breakdance-image--1721\">\n\t<div class=\"breakdance-image-container\">\n\t\t<div class=\"breakdance-image-clip\"><a class=\"breakdance-image-link breakdance-image-link--url\" href=\"https:\/\/mediasonik.com\" target=\"_blank\" rel=\"noopener\" data-sub-html=\"\" data-lg-size=\"-\"><img loading=\"lazy\" decoding=\"async\" class=\"breakdance-image-object\" src=\"https:\/\/armaweb.eu\/pl\/wp-content\/uploads\/2024\/08\/logo-1.png\" width=\"300\" height=\"82\" sizes=\"auto, (max-width: 300px) 100vw, 300px\"><\/a><\/div>\n\t<\/div><\/figure>\n\n<\/div>\n<\/div><div class=\"bde-div-1636-107-1636-1 bde-div bde-div-1636-107\">\n  \n  \n\t\n\n\n\n<div class=\"bde-div-1636-113-1636-1 bde-div bde-div-1636-113\">\n  \n  \n\t\n\n\n\n<div class=\"bde-image-1636-114-1636-1 bde-image bde-image-1636-114\">\n<figure class=\"breakdance-image breakdance-image--1703\">\n\t<div class=\"breakdance-image-container\">\n\t\t<div class=\"breakdance-image-clip\"><img loading=\"lazy\" decoding=\"async\" class=\"breakdance-image-object\" src=\"https:\/\/armaweb.eu\/pl\/wp-content\/uploads\/2024\/08\/logo-sonik-nero.png\" width=\"264\" height=\"104\" sizes=\"auto, (max-width: 264px) 100vw, 264px\"><\/div>\n\t<\/div><\/figure>\n\n<\/div>\n<\/div><div class=\"bde-div-1636-111-1636-1 bde-div bde-div-1636-111\">\n  \n  \n\t\n\n\n\n<div class=\"bde-image-1636-112-1636-1 bde-image bde-image-1636-112\">\n<figure class=\"breakdance-image breakdance-image--1701\">\n\t<div class=\"breakdance-image-container\">\n\t\t<div class=\"breakdance-image-clip\"><a class=\"breakdance-image-link breakdance-image-link--url\" href=\"https:\/\/play.google.com\/store\/apps\/details?id=net.fluidstream.sonikradio&hl=it_IT\" target=\"_blank\" rel=\"noopener\" data-sub-html=\"\" data-lg-size=\"-\"><img loading=\"lazy\" decoding=\"async\" class=\"breakdance-image-object\" src=\"https:\/\/armaweb.eu\/pl\/wp-content\/uploads\/2024\/08\/foxyjohn-ten-10-rock.png\" width=\"940\" height=\"788\" srcset=\"https:\/\/armaweb.eu\/pl\/wp-content\/uploads\/2024\/08\/foxyjohn-ten-10-rock.png 940w, https:\/\/armaweb.eu\/pl\/wp-content\/uploads\/2024\/08\/foxyjohn-ten-10-rock-300x251.png 300w, https:\/\/armaweb.eu\/pl\/wp-content\/uploads\/2024\/08\/foxyjohn-ten-10-rock-768x644.png 768w\" sizes=\"auto, (max-width: 940px) 100vw, 940px\"><\/a><\/div>\n\t<\/div><\/figure>\n\n<\/div>\n<\/div><div class=\"bde-div-1636-109-1636-1 bde-div bde-div-1636-109\">\n  \n  \n\t\n\n\n\n<div class=\"bde-image-1636-110-1636-1 bde-image bde-image-1636-110\">\n<figure class=\"breakdance-image breakdance-image--1693\">\n\t<div class=\"breakdance-image-container\">\n\t\t<div class=\"breakdance-image-clip\"><a class=\"breakdance-image-link breakdance-image-link--url\" href=\"https:\/\/play.google.com\/store\/apps\/details?id=net.fluidstream.sonikradio&hl=it_IT\" target=\"_blank\" rel=\"noopener\" data-sub-html=\"\" data-lg-size=\"-\"><img loading=\"lazy\" decoding=\"async\" class=\"breakdance-image-object\" src=\"https:\/\/armaweb.eu\/pl\/wp-content\/uploads\/2024\/08\/Daniela-Debolini-to10italia.png\" width=\"940\" height=\"788\" srcset=\"https:\/\/armaweb.eu\/pl\/wp-content\/uploads\/2024\/08\/Daniela-Debolini-to10italia.png 940w, https:\/\/armaweb.eu\/pl\/wp-content\/uploads\/2024\/08\/Daniela-Debolini-to10italia-300x251.png 300w, https:\/\/armaweb.eu\/pl\/wp-content\/uploads\/2024\/08\/Daniela-Debolini-to10italia-768x644.png 768w\" sizes=\"auto, (max-width: 940px) 100vw, 940px\"><\/a><\/div>\n\t<\/div><\/figure>\n\n<\/div>\n<\/div>\n<\/div><\/div>\n<\/div>\n<\/div><\/div>\n<\/div><\/div>\n<\/section>","protected":false},"excerpt":{"rendered":"<p>WP4YOU Home Bezpiecze\u0144stwo WordPress US\u0141UGA W SKR\u00d3CIE Kupujesz pakiet rutynowej konserwacji witryny WordPress.Przez rok dbam o aktualizacje, rutynowe zabezpieczenia i operacje.Co otrzymujesz? Strona, kt\u00f3ra zawsze dzia\u0142a.Podczas gdy Ty zajmujesz si\u0119 swoim biznesem, ja pracuj\u0119 dla CiebieWP4YOU to ochrona, kt\u00f3rej szukasz za ka\u017cdym razem, gdy czytasz, \u017ce WordPress powinien zosta\u0107 zaktualizowany,WP4YOU to utrzymanie, kt\u00f3rego potrzebujesz, aby [&hellip;]<\/p>\n","protected":false},"author":1,"featured_media":0,"parent":0,"menu_order":0,"comment_status":"closed","ping_status":"closed","template":"","meta":{"_breakdance_hide_in_design_set":false,"_breakdance_tags":"","footnotes":""},"class_list":["post-1401","page","type-page","status-publish","hentry"],"_links":{"self":[{"href":"https:\/\/armaweb.eu\/pl\/wp-json\/wp\/v2\/pages\/1401","targetHints":{"allow":["GET"]}}],"collection":[{"href":"https:\/\/armaweb.eu\/pl\/wp-json\/wp\/v2\/pages"}],"about":[{"href":"https:\/\/armaweb.eu\/pl\/wp-json\/wp\/v2\/types\/page"}],"author":[{"embeddable":true,"href":"https:\/\/armaweb.eu\/pl\/wp-json\/wp\/v2\/users\/1"}],"replies":[{"embeddable":true,"href":"https:\/\/armaweb.eu\/pl\/wp-json\/wp\/v2\/comments?post=1401"}],"version-history":[{"count":48,"href":"https:\/\/armaweb.eu\/pl\/wp-json\/wp\/v2\/pages\/1401\/revisions"}],"predecessor-version":[{"id":2183,"href":"https:\/\/armaweb.eu\/pl\/wp-json\/wp\/v2\/pages\/1401\/revisions\/2183"}],"wp:attachment":[{"href":"https:\/\/armaweb.eu\/pl\/wp-json\/wp\/v2\/media?parent=1401"}],"curies":[{"name":"wp","href":"https:\/\/api.w.org\/{rel}","templated":true}]}}